{"id":28,"date":"2014-12-12T14:27:15","date_gmt":"2014-12-12T14:27:15","guid":{"rendered":"http:\/\/wdolinierospudy.pl\/?page_id=28"},"modified":"2020-09-12T20:05:40","modified_gmt":"2020-09-12T20:05:40","slug":"home","status":"publish","type":"page","link":"http:\/\/wdolinierospudy.pl\/","title":{"rendered":""},"content":{"rendered":"<p><a href=\"http:\/\/wdolinierospudy.pl\/wp-content\/uploads\/2020\/09\/wdolinierospudy-pensjonat.jpeg\"><img loading=\"lazy\" class=\"size-full wp-image-245\" src=\"http:\/\/wdolinierospudy.pl\/wp-content\/uploads\/2020\/09\/wdolinierospudy-pensjonat.jpeg\" alt=\"\" width=\"1226\" height=\"640\" srcset=\"http:\/\/wdolinierospudy.pl\/wp-content\/uploads\/2020\/09\/wdolinierospudy-pensjonat.jpeg 1226w, http:\/\/wdolinierospudy.pl\/wp-content\/uploads\/2020\/09\/wdolinierospudy-pensjonat-300x157.jpeg 300w, http:\/\/wdolinierospudy.pl\/wp-content\/uploads\/2020\/09\/wdolinierospudy-pensjonat-768x401.jpeg 768w, http:\/\/wdolinierospudy.pl\/wp-content\/uploads\/2020\/09\/wdolinierospudy-pensjonat-1024x535.jpeg 1024w, http:\/\/wdolinierospudy.pl\/wp-content\/uploads\/2020\/09\/wdolinierospudy-pensjonat-1200x626.jpeg 1200w\" sizes=\"(max-width: 1226px) 100vw, 1226px\" \/><\/a><\/p>\n","protected":false},"excerpt":{"rendered":"","protected":false},"author":1,"featured_media":0,"parent":0,"menu_order":0,"comment_status":"open","ping_status":"open","template":"","meta":[],"yoast_head":"<!-- This site is optimized with the Yoast SEO plugin v15.9.2 - https:\/\/yoast.com\/wordpress\/plugins\/seo\/ -->\n<title>Agroturystyka, Pensjonat, Noclegi, Konie<\/title>\n<meta name=\"description\" content=\"Po\u0142o\u017cone w dolinie Rospudy gospodarstwo agroturystyczne w s\u0105siedztwie las\u00f3w i jezior. Oferuj\u0105ce jazd\u0119 konn\u0105 i tanie noclegi. Wypoczynek blisko natury.Pokoje\" \/>\n<link rel=\"canonical\" href=\"http:\/\/wdolinierospudy.pl\/\" \/>\n<meta property=\"og:locale\" content=\"en_US\" \/>\n<meta property=\"og:type\" content=\"article\" \/>\n<meta property=\"og:title\" content=\"Agroturystyka, Pensjonat, Noclegi, Konie\" \/>\n<meta property=\"og:description\" content=\"Po\u0142o\u017cone w dolinie Rospudy gospodarstwo agroturystyczne w s\u0105siedztwie las\u00f3w i jezior. Oferuj\u0105ce jazd\u0119 konn\u0105 i tanie noclegi. Wypoczynek blisko natury.Pokoje\" \/>\n<meta property=\"og:url\" content=\"http:\/\/wdolinierospudy.pl\/\" \/>\n<meta property=\"og:site_name\" content=\"W dolinie Rospudy\" \/>\n<meta property=\"article:modified_time\" content=\"2020-09-12T20:05:40+00:00\" \/>\n<meta property=\"og:image\" content=\"http:\/\/wdolinierospudy.pl\/wp-content\/uploads\/2020\/09\/wdolinierospudy-pensjonat.jpeg\" \/>\n<script type=\"application\/ld+json\" class=\"yoast-schema-graph\">{\"@context\":\"https:\/\/schema.org\",\"@graph\":[{\"@type\":\"WebSite\",\"@id\":\"http:\/\/wdolinierospudy.pl\/#website\",\"url\":\"http:\/\/wdolinierospudy.pl\/\",\"name\":\"W dolinie Rospudy\",\"description\":\"\",\"potentialAction\":[{\"@type\":\"SearchAction\",\"target\":\"http:\/\/wdolinierospudy.pl\/?s={search_term_string}\",\"query-input\":\"required name=search_term_string\"}],\"inLanguage\":\"en-US\"},{\"@type\":\"ImageObject\",\"@id\":\"http:\/\/wdolinierospudy.pl\/#primaryimage\",\"inLanguage\":\"en-US\",\"url\":\"http:\/\/wdolinierospudy.pl\/wp-content\/uploads\/2020\/09\/wdolinierospudy-pensjonat.jpeg\",\"width\":1226,\"height\":640},{\"@type\":\"WebPage\",\"@id\":\"http:\/\/wdolinierospudy.pl\/#webpage\",\"url\":\"http:\/\/wdolinierospudy.pl\/\",\"name\":\"Agroturystyka, Pensjonat, Noclegi, Konie\",\"isPartOf\":{\"@id\":\"http:\/\/wdolinierospudy.pl\/#website\"},\"primaryImageOfPage\":{\"@id\":\"http:\/\/wdolinierospudy.pl\/#primaryimage\"},\"datePublished\":\"2014-12-12T14:27:15+00:00\",\"dateModified\":\"2020-09-12T20:05:40+00:00\",\"description\":\"Po\\u0142o\\u017cone w dolinie Rospudy gospodarstwo agroturystyczne w s\\u0105siedztwie las\\u00f3w i jezior. Oferuj\\u0105ce jazd\\u0119 konn\\u0105 i tanie noclegi. Wypoczynek blisko natury.Pokoje\",\"breadcrumb\":{\"@id\":\"http:\/\/wdolinierospudy.pl\/#breadcrumb\"},\"inLanguage\":\"en-US\",\"potentialAction\":[{\"@type\":\"ReadAction\",\"target\":[\"http:\/\/wdolinierospudy.pl\/\"]}]},{\"@type\":\"BreadcrumbList\",\"@id\":\"http:\/\/wdolinierospudy.pl\/#breadcrumb\",\"itemListElement\":[{\"@type\":\"ListItem\",\"position\":1,\"item\":{\"@type\":\"WebPage\",\"@id\":\"http:\/\/wdolinierospudy.pl\/\",\"url\":\"http:\/\/wdolinierospudy.pl\/\",\"name\":\"Home\"}},{\"@type\":\"ListItem\",\"position\":2,\"item\":{\"@type\":\"WebPage\",\"@id\":\"http:\/\/wdolinierospudy.pl\/\",\"url\":\"http:\/\/wdolinierospudy.pl\/\",\"name\":\"Agroturystyka, Pensjonat, Noclegi, Konie\"}}]}]}<\/script>\n<!-- \/ Yoast SEO plugin. -->","_links":{"self":[{"href":"http:\/\/wdolinierospudy.pl\/index.php\/wp-json\/wp\/v2\/pages\/28"}],"collection":[{"href":"http:\/\/wdolinierospudy.pl\/index.php\/wp-json\/wp\/v2\/pages"}],"about":[{"href":"http:\/\/wdolinierospudy.pl\/index.php\/wp-json\/wp\/v2\/types\/page"}],"author":[{"embeddable":true,"href":"http:\/\/wdolinierospudy.pl\/index.php\/wp-json\/wp\/v2\/users\/1"}],"replies":[{"embeddable":true,"href":"http:\/\/wdolinierospudy.pl\/index.php\/wp-json\/wp\/v2\/comments?post=28"}],"version-history":[{"count":12,"href":"http:\/\/wdolinierospudy.pl\/index.php\/wp-json\/wp\/v2\/pages\/28\/revisions"}],"predecessor-version":[{"id":247,"href":"http:\/\/wdolinierospudy.pl\/index.php\/wp-json\/wp\/v2\/pages\/28\/revisions\/247"}],"wp:attachment":[{"href":"http:\/\/wdolinierospudy.pl\/index.php\/wp-json\/wp\/v2\/media?parent=28"}],"curies":[{"name":"wp","href":"https:\/\/api.w.org\/{rel}","templated":true}]}}